{"id":1826,"date":"2024-12-17T10:24:43","date_gmt":"2024-12-17T10:24:43","guid":{"rendered":"https:\/\/webprd.cashpower.com.ar\/?page_id=1826"},"modified":"2025-04-24T12:53:48","modified_gmt":"2025-04-24T12:53:48","slug":"soluciones","status":"publish","type":"page","link":"https:\/\/cashpower.com.ar\/?page_id=1826","title":{"rendered":"Soluciones"},"content":{"rendered":"\t\t<div data-elementor-type=\"wp-page\" data-elementor-id=\"1826\" class=\"elementor elementor-1826\" data-elementor-post-type=\"page\">\n\t\t\t\t<div class=\"elementor-element elementor-element-ba3e16f e-con-full e-flex wpr-particle-no wpr-jarallax-no wpr-parallax-no wpr-sticky-section-no e-con e-parent\" data-id=\"ba3e16f\" data-element_type=\"container\" data-settings=\"{&quot;background_background&quot;:&quot;video&quot;,&quot;background_video_link&quot;:&quot;https:\\\/\\\/cashpower.com.ar\\\/wp-content\\\/uploads\\\/2025\\\/01\\\/cashpower-video.mov&quot;,&quot;background_play_on_mobile&quot;:&quot;yes&quot;}\">\n\t\t<div class=\"elementor-background-video-container\">\n\t\t\t\t\t\t\t<video class=\"elementor-background-video-hosted\" autoplay muted playsinline loop><\/video>\n\t\t\t\t\t<\/div><div class=\"elementor-element elementor-element-10814aa e-con-full e-flex wpr-particle-no wpr-jarallax-no wpr-parallax-no wpr-sticky-section-no e-con e-child\" data-id=\"10814aa\" data-element_type=\"container\">\n\t\t\t\t<div class=\"elementor-element elementor-element-baf9042 elementor-widget__width-initial elementor-widget elementor-widget-heading\" data-id=\"baf9042\" data-element_type=\"widget\" data-widget_type=\"heading.default\">\n\t\t\t\t<div class=\"elementor-widget-container\">\n\t\t\t\t\t<h1 class=\"elementor-heading-title elementor-size-default\">Soluciones<\/h1>\t\t\t\t<\/div>\n\t\t\t\t<\/div>\n\t\t\t\t<div class=\"elementor-element elementor-element-a1f8481 elementor-widget__width-initial elementor-widget elementor-widget-text-editor\" data-id=\"a1f8481\" data-element_type=\"widget\" data-widget_type=\"text-editor.default\">\n\t\t\t\t<div class=\"elementor-widget-container\">\n\t\t\t\t\t\t\t\t\t<p>Sistema prepago y sistema AMI<\/p>\t\t\t\t\t\t\t\t<\/div>\n\t\t\t\t<\/div>\n\t\t\t\t<\/div>\n\t\t\t\t<\/div>\n\t\t\t\t<section class=\"elementor-section elementor-top-section elementor-element elementor-element-2b82054 elementor-section-full_width elementor-section-height-default elementor-section-height-default wpr-particle-no wpr-jarallax-no wpr-parallax-no wpr-sticky-section-no\" data-id=\"2b82054\" data-element_type=\"section\" data-settings=\"{&quot;background_background&quot;:&quot;classic&quot;}\">\n\t\t\t\t\t\t<div class=\"elementor-container elementor-column-gap-default\">\n\t\t\t\t\t<div class=\"elementor-column elementor-col-50 elementor-top-column elementor-element elementor-element-d76e66f\" data-id=\"d76e66f\" data-element_type=\"column\">\n\t\t\t<div class=\"elementor-widget-wrap elementor-element-populated\">\n\t\t\t\t\t\t<div class=\"elementor-element elementor-element-93f7ccd elementor-widget elementor-widget-heading\" data-id=\"93f7ccd\" data-element_type=\"widget\" data-widget_type=\"heading.default\">\n\t\t\t\t<div class=\"elementor-widget-container\">\n\t\t\t\t\t<h2 class=\"elementor-heading-title elementor-size-default\">Soluciones<\/h2>\t\t\t\t<\/div>\n\t\t\t\t<\/div>\n\t\t\t\t<div class=\"elementor-element elementor-element-3942f8f elementor-widget__width-initial elementor-widget-mobile__width-inherit elementor-widget elementor-widget-text-editor\" data-id=\"3942f8f\" data-element_type=\"widget\" data-widget_type=\"text-editor.default\">\n\t\t\t\t<div class=\"elementor-widget-container\">\n\t\t\t\t\t\t\t\t\t<p>Sistema AMI<\/p>\t\t\t\t\t\t\t\t<\/div>\n\t\t\t\t<\/div>\n\t\t\t\t<div class=\"elementor-element elementor-element-f6549f6 elementor-widget elementor-widget-text-editor\" data-id=\"f6549f6\" data-element_type=\"widget\" data-widget_type=\"text-editor.default\">\n\t\t\t\t<div class=\"elementor-widget-container\">\n\t\t\t\t\t\t\t\t\t<p>El <strong>Sistema AMI<\/strong> es una tecnolog\u00eda avanzada que permite medir, recopilar y analizar informaci\u00f3n completa de la red el\u00e9ctrica. Facilita una conexi\u00f3n m\u00e1s cercana entre usuarios y empresas de energ\u00eda, apoyando la automatizaci\u00f3n de la distribuci\u00f3n, estableciendo las bases para implementar <strong>Smart Grids<\/strong> (redes el\u00e9ctricas inteligentes). AMI ayuda a visualizar y gestionar mejor la informaci\u00f3n, optimizando la operaci\u00f3n y la gesti\u00f3n de las compa\u00f1\u00edas el\u00e9ctricas.<\/p>\t\t\t\t\t\t\t\t<\/div>\n\t\t\t\t<\/div>\n\t\t\t\t<div class=\"elementor-element elementor-element-edfa927 elementor-widget__width-initial elementor-widget-mobile__width-inherit elementor-widget elementor-widget-text-editor\" data-id=\"edfa927\" data-element_type=\"widget\" data-widget_type=\"text-editor.default\">\n\t\t\t\t<div class=\"elementor-widget-container\">\n\t\t\t\t\t\t\t\t\t<p>Ventajas<\/p>\t\t\t\t\t\t\t\t<\/div>\n\t\t\t\t<\/div>\n\t\t\t\t<div class=\"elementor-element elementor-element-db67a3d elementor-widget elementor-widget-text-editor\" data-id=\"db67a3d\" data-element_type=\"widget\" data-widget_type=\"text-editor.default\">\n\t\t\t\t<div class=\"elementor-widget-container\">\n\t\t\t\t\t\t\t\t\t<p>Este sistema es esencial para mejorar la confiabilidad del suministro energ\u00e9tico, la calidad del servicio y la eficiencia en la gesti\u00f3n de la red de distribuci\u00f3n. AMI permite construir bases de datos de equipos de energ\u00eda y consumidores, integrando subestaciones, alimentadores y l\u00edneas de baja tensi\u00f3n. Facilita la administraci\u00f3n de cortes, la gesti\u00f3n de p\u00e9rdidas y el servicio al cliente, creando una gran sinergia que mejora el suministro y eleva el nivel de atenci\u00f3n a los usuarios.<\/p>\t\t\t\t\t\t\t\t<\/div>\n\t\t\t\t<\/div>\n\t\t\t\t\t<\/div>\n\t\t<\/div>\n\t\t\t\t<div class=\"elementor-column elementor-col-50 elementor-top-column elementor-element elementor-element-b3bed62\" data-id=\"b3bed62\" data-element_type=\"column\" data-settings=\"{&quot;background_background&quot;:&quot;classic&quot;}\">\n\t\t\t<div class=\"elementor-widget-wrap elementor-element-populated\">\n\t\t\t\t\t\t<div class=\"elementor-element elementor-element-a894bc9 elementor-widget elementor-widget-spacer\" data-id=\"a894bc9\" data-element_type=\"widget\" data-widget_type=\"spacer.default\">\n\t\t\t\t<div class=\"elementor-widget-container\">\n\t\t\t\t\t\t\t<div class=\"elementor-spacer\">\n\t\t\t<div class=\"elementor-spacer-inner\"><\/div>\n\t\t<\/div>\n\t\t\t\t\t\t<\/div>\n\t\t\t\t<\/div>\n\t\t\t\t<div class=\"elementor-element elementor-element-9f02310 elementor-hidden-desktop elementor-widget elementor-widget-spacer\" data-id=\"9f02310\" data-element_type=\"widget\" data-widget_type=\"spacer.default\">\n\t\t\t\t<div class=\"elementor-widget-container\">\n\t\t\t\t\t\t\t<div class=\"elementor-spacer\">\n\t\t\t<div class=\"elementor-spacer-inner\"><\/div>\n\t\t<\/div>\n\t\t\t\t\t\t<\/div>\n\t\t\t\t<\/div>\n\t\t\t\t\t<\/div>\n\t\t<\/div>\n\t\t\t\t\t<\/div>\n\t\t<\/section>\n\t\t\t\t<section class=\"elementor-section elementor-top-section elementor-element elementor-element-82ce375 elementor-section-full_width elementor-section-height-default elementor-section-height-default wpr-particle-no wpr-jarallax-no wpr-parallax-no wpr-sticky-section-no\" data-id=\"82ce375\" data-element_type=\"section\" data-settings=\"{&quot;background_background&quot;:&quot;classic&quot;}\">\n\t\t\t\t\t\t<div class=\"elementor-container elementor-column-gap-default\">\n\t\t\t\t\t<div class=\"elementor-column elementor-col-100 elementor-top-column elementor-element elementor-element-1b50410\" data-id=\"1b50410\" data-element_type=\"column\">\n\t\t\t<div class=\"elementor-widget-wrap elementor-element-populated\">\n\t\t\t\t\t\t<div class=\"elementor-element elementor-element-239e7b7 elementor-widget elementor-widget-heading\" data-id=\"239e7b7\" data-element_type=\"widget\" data-widget_type=\"heading.default\">\n\t\t\t\t<div class=\"elementor-widget-container\">\n\t\t\t\t\t<h2 class=\"elementor-heading-title elementor-size-default\">Soluciones<\/h2>\t\t\t\t<\/div>\n\t\t\t\t<\/div>\n\t\t\t\t<div class=\"elementor-element elementor-element-a018613 elementor-widget__width-initial elementor-widget elementor-widget-text-editor\" data-id=\"a018613\" data-element_type=\"widget\" data-widget_type=\"text-editor.default\">\n\t\t\t\t<div class=\"elementor-widget-container\">\n\t\t\t\t\t\t\t\t\t<p>Sistema Prepago<\/p>\t\t\t\t\t\t\t\t<\/div>\n\t\t\t\t<\/div>\n\t\t\t\t\t<\/div>\n\t\t<\/div>\n\t\t\t\t\t<\/div>\n\t\t<\/section>\n\t\t<div class=\"elementor-element elementor-element-e78b2af e-con-full e-flex wpr-particle-no wpr-jarallax-no wpr-parallax-no wpr-sticky-section-no e-con e-parent\" data-id=\"e78b2af\" data-element_type=\"container\" data-settings=\"{&quot;background_background&quot;:&quot;classic&quot;}\">\n\t\t<div class=\"elementor-element elementor-element-7e6c364 e-con-full e-flex wpr-particle-no wpr-jarallax-no wpr-parallax-no wpr-sticky-section-no e-con e-child\" data-id=\"7e6c364\" data-element_type=\"container\">\n\t\t\t\t<div class=\"elementor-element elementor-element-b32be01 elementor-widget elementor-widget-image\" data-id=\"b32be01\" data-element_type=\"widget\" data-widget_type=\"image.default\">\n\t\t\t\t<div class=\"elementor-widget-container\">\n\t\t\t\t\t\t\t\t\t\t\t\t\t\t\t<img fetchpriority=\"high\" decoding=\"async\" width=\"1024\" height=\"768\" src=\"https:\/\/cashpower.com.ar\/wp-content\/uploads\/2024\/12\/TOKEN.jpg\" class=\"attachment-large size-large wp-image-1851\" alt=\"\" srcset=\"https:\/\/cashpower.com.ar\/wp-content\/uploads\/2024\/12\/TOKEN.jpg 1024w, https:\/\/cashpower.com.ar\/wp-content\/uploads\/2024\/12\/TOKEN-300x225.jpg 300w, https:\/\/cashpower.com.ar\/wp-content\/uploads\/2024\/12\/TOKEN-768x576.jpg 768w, https:\/\/cashpower.com.ar\/wp-content\/uploads\/2024\/12\/TOKEN-600x450.jpg 600w\" sizes=\"(max-width: 1024px) 100vw, 1024px\" \/>\t\t\t\t\t\t\t\t\t\t\t\t\t\t\t<\/div>\n\t\t\t\t<\/div>\n\t\t\t\t<div class=\"elementor-element elementor-element-88f0aa0 elementor-widget__width-initial elementor-widget elementor-widget-heading\" data-id=\"88f0aa0\" data-element_type=\"widget\" data-widget_type=\"heading.default\">\n\t\t\t\t<div class=\"elementor-widget-container\">\n\t\t\t\t\t<h2 class=\"elementor-heading-title elementor-size-default\">CToken<\/h2>\t\t\t\t<\/div>\n\t\t\t\t<\/div>\n\t\t\t\t<div class=\"elementor-element elementor-element-f8497ea elementor-widget elementor-widget-text-editor\" data-id=\"f8497ea\" data-element_type=\"widget\" data-widget_type=\"text-editor.default\">\n\t\t\t\t<div class=\"elementor-widget-container\">\n\t\t\t\t\t\t\t\t\tLa actualizaci\u00f3n de los Sistemas STS por la obligatoriedad de la implementaci\u00f3n de TID ROLLOVER que deber\u00e1n realizarse a partir del a\u00f1o 2024 y deber\u00e1 tener fecha l\u00edmite de culminaci\u00f3n en Noviembre de 2024 , llev\u00f3 a la necesidad de realizar un exhaustivo cambio sobre el nuevo modelo de negocio y su aplicaci\u00f3n en las diferentes distribuidoras.\t\t\t\t\t\t\t\t<\/div>\n\t\t\t\t<\/div>\n\t\t\t\t<div class=\"elementor-element elementor-element-dad5c3e e-transform elementor-widget elementor-widget-premium-addon-button\" data-id=\"dad5c3e\" data-element_type=\"widget\" data-settings=\"{&quot;_transform_scale_effect_hover&quot;:{&quot;unit&quot;:&quot;px&quot;,&quot;size&quot;:1.02,&quot;sizes&quot;:[]},&quot;_transform_scale_effect_hover_tablet&quot;:{&quot;unit&quot;:&quot;px&quot;,&quot;size&quot;:&quot;&quot;,&quot;sizes&quot;:[]},&quot;_transform_scale_effect_hover_mobile&quot;:{&quot;unit&quot;:&quot;px&quot;,&quot;size&quot;:&quot;&quot;,&quot;sizes&quot;:[]}}\" data-widget_type=\"premium-addon-button.default\">\n\t\t\t\t<div class=\"elementor-widget-container\">\n\t\t\t\t\t\r\n\r\n\t\t<a class=\"premium-button premium-button-none premium-btn-lg premium-button-none\" href=\"https:\/\/cashpower.com.ar\/wp-content\/uploads\/2024\/12\/C-Token.pdf\">\r\n\t\t\t<div class=\"premium-button-text-icon-wrapper\">\r\n\t\t\t\t\r\n\t\t\t\t\t\t\t\t\t\r\n\t\t\t\t\t\t\t\t\t<span >\r\n\t\t\t\t\t\tDescargar PDF\t\t\t\t\t<\/span>\r\n\t\t\t\t\r\n\t\t\t\t\t\t\t\t\t\t\t\t\t\t\t\t\t\t\t\t\t\t<svg class=\"svg-inline--fas-fa-angle-right premium-drawable-icon premium-svg-nodraw\" aria-hidden='true' xmlns='http:\/\/www.w3.org\/2000\/svg' viewBox='0 0 256 512'><path d=\"M224.3 273l-136 136c-9.4 9.4-24.6 9.4-33.9 0l-22.6-22.6c-9.4-9.4-9.4-24.6 0-33.9l96.4-96.4-96.4-96.4c-9.4-9.4-9.4-24.6 0-33.9L54.3 103c9.4-9.4 24.6-9.4 33.9 0l136 136c9.5 9.4 9.5 24.6.1 34z\"><\/path><\/svg>\t\t\t\t\t\t\t\t\t\t\t\t\t\t\t\t\t\t<\/div>\r\n\r\n\t\t\t\r\n\t\t\t\r\n\t\t\t\r\n\t\t<\/a>\r\n\r\n\r\n\t\t\t\t\t\t<\/div>\n\t\t\t\t<\/div>\n\t\t\t\t<\/div>\n\t\t<div class=\"elementor-element elementor-element-0696729 e-con-full e-flex wpr-particle-no wpr-jarallax-no wpr-parallax-no wpr-sticky-section-no e-con e-child\" data-id=\"0696729\" data-element_type=\"container\">\n\t\t\t\t<div class=\"elementor-element elementor-element-6dbcc1f elementor-widget elementor-widget-image\" data-id=\"6dbcc1f\" data-element_type=\"widget\" data-widget_type=\"image.default\">\n\t\t\t\t<div class=\"elementor-widget-container\">\n\t\t\t\t\t\t\t\t\t\t\t\t\t\t\t<img decoding=\"async\" width=\"1024\" height=\"768\" src=\"https:\/\/cashpower.com.ar\/wp-content\/uploads\/2024\/12\/saas.jpg\" class=\"attachment-large size-large wp-image-1852\" alt=\"\" srcset=\"https:\/\/cashpower.com.ar\/wp-content\/uploads\/2024\/12\/saas.jpg 1024w, https:\/\/cashpower.com.ar\/wp-content\/uploads\/2024\/12\/saas-300x225.jpg 300w, https:\/\/cashpower.com.ar\/wp-content\/uploads\/2024\/12\/saas-768x576.jpg 768w, https:\/\/cashpower.com.ar\/wp-content\/uploads\/2024\/12\/saas-600x450.jpg 600w\" sizes=\"(max-width: 1024px) 100vw, 1024px\" \/>\t\t\t\t\t\t\t\t\t\t\t\t\t\t\t<\/div>\n\t\t\t\t<\/div>\n\t\t\t\t<div class=\"elementor-element elementor-element-3afe64e elementor-widget__width-initial elementor-widget elementor-widget-heading\" data-id=\"3afe64e\" data-element_type=\"widget\" data-widget_type=\"heading.default\">\n\t\t\t\t<div class=\"elementor-widget-container\">\n\t\t\t\t\t<h2 class=\"elementor-heading-title elementor-size-default\">CToken SaaS<\/h2>\t\t\t\t<\/div>\n\t\t\t\t<\/div>\n\t\t\t\t<div class=\"elementor-element elementor-element-c6badd1 elementor-widget elementor-widget-text-editor\" data-id=\"c6badd1\" data-element_type=\"widget\" data-widget_type=\"text-editor.default\">\n\t\t\t\t<div class=\"elementor-widget-container\">\n\t\t\t\t\t\t\t\t\t<div class=\"flex max-w-full flex-col flex-grow\">\n<div class=\"min-h-8 text-message flex w-full flex-col items-end gap-2 whitespace-normal break-words text-start [.text-message+&amp;]:mt-5\" dir=\"auto\" data-message-author-role=\"assistant\" data-message-id=\"86884d35-168a-4e0c-b890-40dcb8b8c0b6\" data-message-model-slug=\"gpt-4o\">\n<div class=\"flex w-full flex-col gap-1 empty:hidden first:pt-[3px]\">\n<div class=\"markdown prose w-full break-words dark:prose-invert dark\">\n<p>Las empresas no tendr\u00e1n que gestionar su propio <strong>HSP<\/strong> y podr\u00e1n acceder a las actualizaciones del sistema de forma inmediata. No necesitar\u00e1n personal especializado para mantenimiento de hardware, ya que contar\u00e1n con <strong>backups<\/strong> permanentes de sus bases de datos&nbsp; que estar\u00e1n protegidos con m\u00e1xima seguridad. Adem\u00e1s, en caso de un hackeo a los sistemas de la empresa, este sistema permanecer\u00e1 indemnee.<\/p>\n<\/div>\n<\/div>\n<\/div>\n<\/div>\t\t\t\t\t\t\t\t<\/div>\n\t\t\t\t<\/div>\n\t\t\t\t<\/div>\n\t\t<div class=\"elementor-element elementor-element-6ead691 e-con-full e-flex wpr-particle-no wpr-jarallax-no wpr-parallax-no wpr-sticky-section-no e-con e-child\" data-id=\"6ead691\" data-element_type=\"container\">\n\t\t\t\t<div class=\"elementor-element elementor-element-8216e8d elementor-widget elementor-widget-image\" data-id=\"8216e8d\" data-element_type=\"widget\" data-widget_type=\"image.default\">\n\t\t\t\t<div class=\"elementor-widget-container\">\n\t\t\t\t\t\t\t\t\t\t\t\t\t\t\t<img decoding=\"async\" width=\"1024\" height=\"768\" src=\"https:\/\/cashpower.com.ar\/wp-content\/uploads\/2024\/12\/premise.jpg\" class=\"attachment-large size-large wp-image-1853\" alt=\"\" srcset=\"https:\/\/cashpower.com.ar\/wp-content\/uploads\/2024\/12\/premise.jpg 1024w, https:\/\/cashpower.com.ar\/wp-content\/uploads\/2024\/12\/premise-300x225.jpg 300w, https:\/\/cashpower.com.ar\/wp-content\/uploads\/2024\/12\/premise-768x576.jpg 768w, https:\/\/cashpower.com.ar\/wp-content\/uploads\/2024\/12\/premise-600x450.jpg 600w\" sizes=\"(max-width: 1024px) 100vw, 1024px\" \/>\t\t\t\t\t\t\t\t\t\t\t\t\t\t\t<\/div>\n\t\t\t\t<\/div>\n\t\t\t\t<div class=\"elementor-element elementor-element-783fd0d elementor-widget__width-initial elementor-widget elementor-widget-heading\" data-id=\"783fd0d\" data-element_type=\"widget\" data-widget_type=\"heading.default\">\n\t\t\t\t<div class=\"elementor-widget-container\">\n\t\t\t\t\t<h2 class=\"elementor-heading-title elementor-size-default\">CToken on Permise<\/h2>\t\t\t\t<\/div>\n\t\t\t\t<\/div>\n\t\t\t\t<div class=\"elementor-element elementor-element-4786335 elementor-widget elementor-widget-text-editor\" data-id=\"4786335\" data-element_type=\"widget\" data-widget_type=\"text-editor.default\">\n\t\t\t\t<div class=\"elementor-widget-container\">\n\t\t\t\t\t\t\t\t\t<div class=\"flex max-w-full flex-col flex-grow\"><div class=\"min-h-8 text-message flex w-full flex-col items-end gap-2 whitespace-normal break-words text-start [.text-message+&amp;]:mt-5\" dir=\"auto\" data-message-author-role=\"assistant\" data-message-id=\"86884d35-168a-4e0c-b890-40dcb8b8c0b6\" data-message-model-slug=\"gpt-4o\"><div class=\"flex w-full flex-col gap-1 empty:hidden first:pt-[3px]\"><div class=\"markdown prose w-full break-words dark:prose-invert dark\"><p>En el servicio On Premise, los HSP y la Base de Datos estan del lado de la empresa distribuidora. Cashpower realiza las gestiones del licenciamiento de los equipos y el mantenimiento y soporte del Sistema C-Token.<\/p><\/div><\/div><\/div><\/div>\t\t\t\t\t\t\t\t<\/div>\n\t\t\t\t<\/div>\n\t\t\t\t<\/div>\n\t\t\t\t<\/div>\n\t\t\t\t<\/div>\n\t\t","protected":false},"excerpt":{"rendered":"<p>Soluciones Sistema prepago y sistema AMI Soluciones Sistema AMI El Sistema AMI es una tecnolog\u00eda avanzada que permite medir, recopilar y analizar informaci\u00f3n completa de la red el\u00e9ctrica. Facilita una conexi\u00f3n m\u00e1s cercana entre usuarios y empresas de energ\u00eda, apoyando la automatizaci\u00f3n de la distribuci\u00f3n, estableciendo las bases para implementar Smart Grids (redes el\u00e9ctricas inteligentes). AMI ayuda a visualizar y gestionar mejor la informaci\u00f3n, optimizando la operaci\u00f3n y la gesti\u00f3n de las compa\u00f1\u00edas el\u00e9ctricas. Ventajas Este sistema es esencial para mejorar la confiabilidad del suministro energ\u00e9tico, la calidad del servicio y la eficiencia en la gesti\u00f3n de la red de distribuci\u00f3n. AMI permite construir bases de datos de equipos de energ\u00eda y consumidores, integrando subestaciones, alimentadores y l\u00edneas de baja tensi\u00f3n. Facilita la administraci\u00f3n de cortes, la gesti\u00f3n de p\u00e9rdidas y el servicio al cliente, creando una gran sinergia que mejora el suministro y eleva el nivel de atenci\u00f3n a los usuarios. Soluciones Sistema Prepago CToken La actualizaci\u00f3n de los Sistemas STS por la obligatoriedad de la implementaci\u00f3n de TID ROLLOVER que deber\u00e1n realizarse a partir del a\u00f1o 2024 y deber\u00e1 tener fecha l\u00edmite de culminaci\u00f3n en Noviembre de 2024 , llev\u00f3 a la necesidad de realizar un exhaustivo cambio sobre el nuevo modelo de negocio y su aplicaci\u00f3n en las diferentes distribuidoras. Descargar PDF CToken SaaS Las empresas no tendr\u00e1n que gestionar su propio HSP y podr\u00e1n acceder a las actualizaciones del sistema de forma inmediata. No necesitar\u00e1n personal especializado para mantenimiento de hardware, ya que contar\u00e1n con backups permanentes de sus bases de datos&nbsp; que estar\u00e1n protegidos con m\u00e1xima seguridad. Adem\u00e1s, en caso de un hackeo a los sistemas de la empresa, este sistema permanecer\u00e1 indemnee. CToken on Permise En el servicio On Premise, los HSP y la Base de Datos estan del lado de la empresa distribuidora. Cashpower realiza las gestiones del licenciamiento de los equipos y el mantenimiento y soporte del Sistema C-Token.<\/p>\n","protected":false},"author":1,"featured_media":0,"parent":0,"menu_order":0,"comment_status":"closed","ping_status":"closed","template":"elementor_header_footer","meta":{"footnotes":""},"class_list":["post-1826","page","type-page","status-publish","hentry","entry","owp-thumbs-layout-horizontal","owp-btn-normal","owp-tabs-layout-horizontal","has-no-thumbnails","has-product-nav"],"_links":{"self":[{"href":"https:\/\/cashpower.com.ar\/index.php?rest_route=\/wp\/v2\/pages\/1826","targetHints":{"allow":["GET"]}}],"collection":[{"href":"https:\/\/cashpower.com.ar\/index.php?rest_route=\/wp\/v2\/pages"}],"about":[{"href":"https:\/\/cashpower.com.ar\/index.php?rest_route=\/wp\/v2\/types\/page"}],"author":[{"embeddable":true,"href":"https:\/\/cashpower.com.ar\/index.php?rest_route=\/wp\/v2\/users\/1"}],"replies":[{"embeddable":true,"href":"https:\/\/cashpower.com.ar\/index.php?rest_route=%2Fwp%2Fv2%2Fcomments&post=1826"}],"version-history":[{"count":67,"href":"https:\/\/cashpower.com.ar\/index.php?rest_route=\/wp\/v2\/pages\/1826\/revisions"}],"predecessor-version":[{"id":2729,"href":"https:\/\/cashpower.com.ar\/index.php?rest_route=\/wp\/v2\/pages\/1826\/revisions\/2729"}],"wp:attachment":[{"href":"https:\/\/cashpower.com.ar\/index.php?rest_route=%2Fwp%2Fv2%2Fmedia&parent=1826"}],"curies":[{"name":"wp","href":"https:\/\/api.w.org\/{rel}","templated":true}]}}