{"id":2043,"date":"2024-12-18T15:52:28","date_gmt":"2024-12-18T15:52:28","guid":{"rendered":"https:\/\/webprd.cashpower.com.ar\/?page_id=2043"},"modified":"2025-02-24T13:57:48","modified_gmt":"2025-02-24T13:57:48","slug":"concentradores","status":"publish","type":"page","link":"https:\/\/cashpower.com.ar\/?page_id=2043","title":{"rendered":"Concentradores"},"content":{"rendered":"\t\t<div data-elementor-type=\"wp-page\" data-elementor-id=\"2043\" class=\"elementor elementor-2043\" data-elementor-post-type=\"page\">\n\t\t\t\t<div class=\"elementor-element elementor-element-ce2383a e-con-full e-flex wpr-particle-no wpr-jarallax-no wpr-parallax-no wpr-sticky-section-no e-con e-parent\" data-id=\"ce2383a\" data-element_type=\"container\" data-settings=\"{&quot;background_background&quot;:&quot;video&quot;,&quot;background_video_link&quot;:&quot;https:\\\/\\\/cashpower.com.ar\\\/wp-content\\\/uploads\\\/2025\\\/01\\\/cashpower-video.mov&quot;,&quot;background_play_on_mobile&quot;:&quot;yes&quot;}\">\n\t\t<div class=\"elementor-background-video-container\">\n\t\t\t\t\t\t\t<video class=\"elementor-background-video-hosted\" autoplay muted playsinline loop><\/video>\n\t\t\t\t\t<\/div><div class=\"elementor-element elementor-element-815aa39 e-con-full e-flex wpr-particle-no wpr-jarallax-no wpr-parallax-no wpr-sticky-section-no e-con e-child\" data-id=\"815aa39\" data-element_type=\"container\">\n\t\t\t\t<div class=\"elementor-element elementor-element-d317593 elementor-widget__width-initial elementor-widget elementor-widget-heading\" data-id=\"d317593\" data-element_type=\"widget\" data-widget_type=\"heading.default\">\n\t\t\t\t<div class=\"elementor-widget-container\">\n\t\t\t\t\t<h1 class=\"elementor-heading-title elementor-size-default\">Concentradores<\/h1>\t\t\t\t<\/div>\n\t\t\t\t<\/div>\n\t\t\t\t<div class=\"elementor-element elementor-element-e8bf7d7 elementor-widget__width-initial elementor-widget elementor-widget-text-editor\" data-id=\"e8bf7d7\" data-element_type=\"widget\" data-widget_type=\"text-editor.default\">\n\t\t\t\t<div class=\"elementor-widget-container\">\n\t\t\t\t\t\t\t\t\t<p>Conoce el cat\u00e1logo completo<\/p>\t\t\t\t\t\t\t\t<\/div>\n\t\t\t\t<\/div>\n\t\t\t\t<div class=\"elementor-element elementor-element-75ac0e9 elementor-view-default elementor-widget elementor-widget-icon\" data-id=\"75ac0e9\" data-element_type=\"widget\" data-widget_type=\"icon.default\">\n\t\t\t\t<div class=\"elementor-widget-container\">\n\t\t\t\t\t\t\t<div class=\"elementor-icon-wrapper\">\n\t\t\t<div class=\"elementor-icon\">\n\t\t\t<i aria-hidden=\"true\" class=\"fas fa-angle-down\"><\/i>\t\t\t<\/div>\n\t\t<\/div>\n\t\t\t\t\t\t<\/div>\n\t\t\t\t<\/div>\n\t\t\t\t<\/div>\n\t\t\t\t<\/div>\n\t\t<div class=\"elementor-element elementor-element-2c1e255 e-con-full e-flex wpr-particle-no wpr-jarallax-no wpr-parallax-no wpr-sticky-section-no e-con e-parent\" data-id=\"2c1e255\" data-element_type=\"container\">\n\t\t<div class=\"elementor-element elementor-element-c1a19df e-con-full e-flex wpr-particle-no wpr-jarallax-no wpr-parallax-no wpr-sticky-section-no e-con e-child\" data-id=\"c1a19df\" data-element_type=\"container\">\n\t\t\t\t<div class=\"elementor-element elementor-element-7b8f572 elementor-widget__width-initial elementor-widget elementor-widget-text-editor\" data-id=\"7b8f572\" data-element_type=\"widget\" data-widget_type=\"text-editor.default\">\n\t\t\t\t<div class=\"elementor-widget-container\">\n\t\t\t\t\t\t\t\t\tCategor\u00edas\t\t\t\t\t\t\t\t<\/div>\n\t\t\t\t<\/div>\n\t\t\t\t<div class=\"elementor-element elementor-element-aa28171 elementor-widget__width-initial elementor-icon-list--layout-traditional elementor-list-item-link-full_width elementor-widget elementor-widget-icon-list\" data-id=\"aa28171\" data-element_type=\"widget\" data-widget_type=\"icon-list.default\">\n\t\t\t\t<div class=\"elementor-widget-container\">\n\t\t\t\t\t\t\t<ul class=\"elementor-icon-list-items\">\n\t\t\t\t\t\t\t<li class=\"elementor-icon-list-item\">\n\t\t\t\t\t\t\t\t\t\t\t<a href=\"https:\/\/cashpower.com.ar\/?page_id=2032\">\n\n\t\t\t\t\t\t\t\t\t\t\t\t<span class=\"elementor-icon-list-icon\">\n\t\t\t\t\t\t\t<i aria-hidden=\"true\" class=\"fas fa-angle-right\"><\/i>\t\t\t\t\t\t<\/span>\n\t\t\t\t\t\t\t\t\t\t<span class=\"elementor-icon-list-text\">Medidores de energ\u00eda<\/span>\n\t\t\t\t\t\t\t\t\t\t\t<\/a>\n\t\t\t\t\t\t\t\t\t<\/li>\n\t\t\t\t\t\t\t\t<li class=\"elementor-icon-list-item\">\n\t\t\t\t\t\t\t\t\t\t\t<a href=\"https:\/\/cashpower.com.ar\/?page_id=2043\">\n\n\t\t\t\t\t\t\t\t\t\t\t\t<span class=\"elementor-icon-list-icon\">\n\t\t\t\t\t\t\t<i aria-hidden=\"true\" class=\"fas fa-angle-right\"><\/i>\t\t\t\t\t\t<\/span>\n\t\t\t\t\t\t\t\t\t\t<span class=\"elementor-icon-list-text\">Concentradores<\/span>\n\t\t\t\t\t\t\t\t\t\t\t<\/a>\n\t\t\t\t\t\t\t\t\t<\/li>\n\t\t\t\t\t\t\t\t<li class=\"elementor-icon-list-item\">\n\t\t\t\t\t\t\t\t\t\t\t<a href=\"https:\/\/cashpower.com.ar\/?page_id=2048\">\n\n\t\t\t\t\t\t\t\t\t\t\t\t<span class=\"elementor-icon-list-icon\">\n\t\t\t\t\t\t\t<i aria-hidden=\"true\" class=\"fas fa-angle-right\"><\/i>\t\t\t\t\t\t<\/span>\n\t\t\t\t\t\t\t\t\t\t<span class=\"elementor-icon-list-text\">M\u00f3dulos de comunicaci\u00f3n<\/span>\n\t\t\t\t\t\t\t\t\t\t\t<\/a>\n\t\t\t\t\t\t\t\t\t<\/li>\n\t\t\t\t\t\t\t\t<li class=\"elementor-icon-list-item\">\n\t\t\t\t\t\t\t\t\t\t\t<a href=\"https:\/\/cashpower.com.ar\/?page_id=2053\">\n\n\t\t\t\t\t\t\t\t\t\t\t\t<span class=\"elementor-icon-list-icon\">\n\t\t\t\t\t\t\t<i aria-hidden=\"true\" class=\"fas fa-angle-right\"><\/i>\t\t\t\t\t\t<\/span>\n\t\t\t\t\t\t\t\t\t\t<span class=\"elementor-icon-list-text\">Accesorios<\/span>\n\t\t\t\t\t\t\t\t\t\t\t<\/a>\n\t\t\t\t\t\t\t\t\t<\/li>\n\t\t\t\t\t\t<\/ul>\n\t\t\t\t\t\t<\/div>\n\t\t\t\t<\/div>\n\t\t\t\t<\/div>\n\t\t<div class=\"elementor-element elementor-element-d7ed7c9 e-con-full e-flex wpr-particle-no wpr-jarallax-no wpr-parallax-no wpr-sticky-section-no e-con e-child\" data-id=\"d7ed7c9\" data-element_type=\"container\">\n\t\t<div class=\"elementor-element elementor-element-2c32ae3 e-con-full e-flex wpr-particle-no wpr-jarallax-no wpr-parallax-no wpr-sticky-section-no e-con e-child\" data-id=\"2c32ae3\" data-element_type=\"container\">\n\t\t\t\t<div class=\"elementor-element elementor-element-05867ac elementor-grid-3 elementor-grid-tablet-3 elementor-grid-mobile-2 elementor-products-grid elementor-wc-products elementor-widget elementor-widget-woocommerce-products\" data-id=\"05867ac\" data-element_type=\"widget\" data-widget_type=\"woocommerce-products.default\">\n\t\t\t\t<div class=\"elementor-widget-container\">\n\t\t\t\t\t<div class=\"woocommerce columns-3 \">\r\n<ul class=\"products elementor-grid oceanwp-row clr grid tablet-col tablet-1-col mobile-col mobile-1-col\">\r\n<li class=\"entry has-media has-product-nav col span_1_of_3 owp-content-center owp-thumbs-layout-horizontal owp-btn-normal owp-tabs-layout-horizontal has-no-thumbnails product type-product post-1766 status-publish first instock product_cat-concentradores-es has-post-thumbnail shipping-taxable product-type-simple\">\n\t<div class=\"product-inner clr\">\r\n\t<div class=\"woo-entry-image clr\">\r\n\t\t<a href=\"https:\/\/cashpower.com.ar\/?product=ihm-4000\" class=\"woocommerce-LoopProduct-link\"><img fetchpriority=\"high\" decoding=\"async\" width=\"300\" height=\"300\" src=\"https:\/\/cashpower.com.ar\/wp-content\/uploads\/2024\/12\/24-IHM4000-300x300.jpg\" class=\"woo-entry-image-main\" alt=\"IHM &#8211; 4000\" itemprop=\"image\" srcset=\"https:\/\/cashpower.com.ar\/wp-content\/uploads\/2024\/12\/24-IHM4000-300x300.jpg 300w, https:\/\/cashpower.com.ar\/wp-content\/uploads\/2024\/12\/24-IHM4000-150x150.jpg 150w, https:\/\/cashpower.com.ar\/wp-content\/uploads\/2024\/12\/24-IHM4000-100x100.jpg 100w, https:\/\/cashpower.com.ar\/wp-content\/uploads\/2024\/12\/24-IHM4000.jpg 450w\" sizes=\"(max-width: 300px) 100vw, 300px\" \/><\/a>\t<\/div><!-- .woo-entry-image -->\r\n\r\n<ul class=\"woo-entry-inner clr\"><li class=\"image-wrap\">\r\n\t<div class=\"woo-entry-image clr\">\r\n\t\t<a href=\"https:\/\/cashpower.com.ar\/?product=ihm-4000\" class=\"woocommerce-LoopProduct-link\"><img fetchpriority=\"high\" decoding=\"async\" width=\"300\" height=\"300\" src=\"https:\/\/cashpower.com.ar\/wp-content\/uploads\/2024\/12\/24-IHM4000-300x300.jpg\" class=\"woo-entry-image-main\" alt=\"IHM &#8211; 4000\" itemprop=\"image\" srcset=\"https:\/\/cashpower.com.ar\/wp-content\/uploads\/2024\/12\/24-IHM4000-300x300.jpg 300w, https:\/\/cashpower.com.ar\/wp-content\/uploads\/2024\/12\/24-IHM4000-150x150.jpg 150w, https:\/\/cashpower.com.ar\/wp-content\/uploads\/2024\/12\/24-IHM4000-100x100.jpg 100w, https:\/\/cashpower.com.ar\/wp-content\/uploads\/2024\/12\/24-IHM4000.jpg 450w\" sizes=\"(max-width: 300px) 100vw, 300px\" \/><\/a>\t<\/div><!-- .woo-entry-image -->\r\n\r\n<\/li><li class=\"title\"><h2><a href=\"https:\/\/cashpower.com.ar\/?product=ihm-4000\">IHM &#8211; 4000<\/a><\/h2><\/li><li class=\"price-wrap\">\n<\/li><li class=\"rating\"><\/li><\/ul><\/div><!-- .product-inner .clr --><\/li>\n<\/ul>\n<\/div>\t\t\t\t<\/div>\n\t\t\t\t<\/div>\n\t\t\t\t<\/div>\n\t\t\t\t<\/div>\n\t\t\t\t<\/div>\n\t\t\t\t<\/div>\n\t\t","protected":false},"excerpt":{"rendered":"<p>Concentradores Conoce el cat\u00e1logo completo Categor\u00edas Medidores de energ\u00eda Concentradores M\u00f3dulos de comunicaci\u00f3n Accesorios<\/p>\n","protected":false},"author":1,"featured_media":0,"parent":0,"menu_order":0,"comment_status":"closed","ping_status":"closed","template":"elementor_header_footer","meta":{"footnotes":""},"class_list":["post-2043","page","type-page","status-publish","hentry","entry","owp-thumbs-layout-horizontal","owp-btn-normal","owp-tabs-layout-horizontal","has-no-thumbnails","has-product-nav"],"_links":{"self":[{"href":"https:\/\/cashpower.com.ar\/index.php?rest_route=\/wp\/v2\/pages\/2043","targetHints":{"allow":["GET"]}}],"collection":[{"href":"https:\/\/cashpower.com.ar\/index.php?rest_route=\/wp\/v2\/pages"}],"about":[{"href":"https:\/\/cashpower.com.ar\/index.php?rest_route=\/wp\/v2\/types\/page"}],"author":[{"embeddable":true,"href":"https:\/\/cashpower.com.ar\/index.php?rest_route=\/wp\/v2\/users\/1"}],"replies":[{"embeddable":true,"href":"https:\/\/cashpower.com.ar\/index.php?rest_route=%2Fwp%2Fv2%2Fcomments&post=2043"}],"version-history":[{"count":16,"href":"https:\/\/cashpower.com.ar\/index.php?rest_route=\/wp\/v2\/pages\/2043\/revisions"}],"predecessor-version":[{"id":2531,"href":"https:\/\/cashpower.com.ar\/index.php?rest_route=\/wp\/v2\/pages\/2043\/revisions\/2531"}],"wp:attachment":[{"href":"https:\/\/cashpower.com.ar\/index.php?rest_route=%2Fwp%2Fv2%2Fmedia&parent=2043"}],"curies":[{"name":"wp","href":"https:\/\/api.w.org\/{rel}","templated":true}]}}