{"id":2053,"date":"2024-12-18T15:54:48","date_gmt":"2024-12-18T15:54:48","guid":{"rendered":"https:\/\/webprd.cashpower.com.ar\/?page_id=2053"},"modified":"2025-04-24T12:56:30","modified_gmt":"2025-04-24T12:56:30","slug":"accesorios","status":"publish","type":"page","link":"https:\/\/cashpower.com.ar\/?page_id=2053","title":{"rendered":"Accesorios"},"content":{"rendered":"\t\t<div data-elementor-type=\"wp-page\" data-elementor-id=\"2053\" class=\"elementor elementor-2053\" data-elementor-post-type=\"page\">\n\t\t\t\t<div class=\"elementor-element elementor-element-493dafb e-con-full e-flex wpr-particle-no wpr-jarallax-no wpr-parallax-no wpr-sticky-section-no e-con e-parent\" data-id=\"493dafb\" data-element_type=\"container\" data-settings=\"{&quot;background_background&quot;:&quot;video&quot;,&quot;background_video_link&quot;:&quot;https:\\\/\\\/cashpower.com.ar\\\/wp-content\\\/uploads\\\/2025\\\/01\\\/cashpower-video.mov&quot;,&quot;background_play_on_mobile&quot;:&quot;yes&quot;}\">\n\t\t<div class=\"elementor-background-video-container\">\n\t\t\t\t\t\t\t<video class=\"elementor-background-video-hosted\" autoplay muted playsinline loop><\/video>\n\t\t\t\t\t<\/div><div class=\"elementor-element elementor-element-dd818c2 e-con-full e-flex wpr-particle-no wpr-jarallax-no wpr-parallax-no wpr-sticky-section-no e-con e-child\" data-id=\"dd818c2\" data-element_type=\"container\">\n\t\t\t\t<div class=\"elementor-element elementor-element-cbcbbcb elementor-widget__width-initial elementor-widget elementor-widget-heading\" data-id=\"cbcbbcb\" data-element_type=\"widget\" data-widget_type=\"heading.default\">\n\t\t\t\t<div class=\"elementor-widget-container\">\n\t\t\t\t\t<h1 class=\"elementor-heading-title elementor-size-default\">Accesorios<\/h1>\t\t\t\t<\/div>\n\t\t\t\t<\/div>\n\t\t\t\t<div class=\"elementor-element elementor-element-ad47bb7 elementor-widget__width-initial elementor-widget elementor-widget-text-editor\" data-id=\"ad47bb7\" data-element_type=\"widget\" data-widget_type=\"text-editor.default\">\n\t\t\t\t<div class=\"elementor-widget-container\">\n\t\t\t\t\t\t\t\t\t<p>Conoce el cat\u00e1logo completo<\/p>\t\t\t\t\t\t\t\t<\/div>\n\t\t\t\t<\/div>\n\t\t\t\t<div class=\"elementor-element elementor-element-e82a7f1 elementor-view-default elementor-widget elementor-widget-icon\" data-id=\"e82a7f1\" data-element_type=\"widget\" data-widget_type=\"icon.default\">\n\t\t\t\t<div class=\"elementor-widget-container\">\n\t\t\t\t\t\t\t<div class=\"elementor-icon-wrapper\">\n\t\t\t<div class=\"elementor-icon\">\n\t\t\t<i aria-hidden=\"true\" class=\"fas fa-angle-down\"><\/i>\t\t\t<\/div>\n\t\t<\/div>\n\t\t\t\t\t\t<\/div>\n\t\t\t\t<\/div>\n\t\t\t\t<\/div>\n\t\t\t\t<\/div>\n\t\t<div class=\"elementor-element elementor-element-c8c098c e-con-full e-flex wpr-particle-no wpr-jarallax-no wpr-parallax-no wpr-sticky-section-no e-con e-parent\" data-id=\"c8c098c\" data-element_type=\"container\">\n\t\t<div class=\"elementor-element elementor-element-6a3e053 e-con-full e-flex wpr-particle-no wpr-jarallax-no wpr-parallax-no wpr-sticky-section-no e-con e-child\" data-id=\"6a3e053\" data-element_type=\"container\">\n\t\t\t\t<div class=\"elementor-element elementor-element-ef379a9 elementor-widget__width-initial elementor-widget elementor-widget-text-editor\" data-id=\"ef379a9\" data-element_type=\"widget\" data-widget_type=\"text-editor.default\">\n\t\t\t\t<div class=\"elementor-widget-container\">\n\t\t\t\t\t\t\t\t\tCategor\u00edas\t\t\t\t\t\t\t\t<\/div>\n\t\t\t\t<\/div>\n\t\t\t\t<div class=\"elementor-element elementor-element-a298917 elementor-widget__width-initial elementor-icon-list--layout-traditional elementor-list-item-link-full_width elementor-widget elementor-widget-icon-list\" data-id=\"a298917\" data-element_type=\"widget\" data-widget_type=\"icon-list.default\">\n\t\t\t\t<div class=\"elementor-widget-container\">\n\t\t\t\t\t\t\t<ul class=\"elementor-icon-list-items\">\n\t\t\t\t\t\t\t<li class=\"elementor-icon-list-item\">\n\t\t\t\t\t\t\t\t\t\t\t<a href=\"https:\/\/cashpower.com.ar\/?page_id=2032\">\n\n\t\t\t\t\t\t\t\t\t\t\t\t<span class=\"elementor-icon-list-icon\">\n\t\t\t\t\t\t\t<i aria-hidden=\"true\" class=\"fas fa-angle-right\"><\/i>\t\t\t\t\t\t<\/span>\n\t\t\t\t\t\t\t\t\t\t<span class=\"elementor-icon-list-text\">Medidores de energ\u00eda<\/span>\n\t\t\t\t\t\t\t\t\t\t\t<\/a>\n\t\t\t\t\t\t\t\t\t<\/li>\n\t\t\t\t\t\t\t\t<li class=\"elementor-icon-list-item\">\n\t\t\t\t\t\t\t\t\t\t\t<a href=\"https:\/\/cashpower.com.ar\/?page_id=2043\">\n\n\t\t\t\t\t\t\t\t\t\t\t\t<span class=\"elementor-icon-list-icon\">\n\t\t\t\t\t\t\t<i aria-hidden=\"true\" class=\"fas fa-angle-right\"><\/i>\t\t\t\t\t\t<\/span>\n\t\t\t\t\t\t\t\t\t\t<span class=\"elementor-icon-list-text\">Concentradores<\/span>\n\t\t\t\t\t\t\t\t\t\t\t<\/a>\n\t\t\t\t\t\t\t\t\t<\/li>\n\t\t\t\t\t\t\t\t<li class=\"elementor-icon-list-item\">\n\t\t\t\t\t\t\t\t\t\t\t<a href=\"https:\/\/cashpower.com.ar\/?page_id=2048\">\n\n\t\t\t\t\t\t\t\t\t\t\t\t<span class=\"elementor-icon-list-icon\">\n\t\t\t\t\t\t\t<i aria-hidden=\"true\" class=\"fas fa-angle-right\"><\/i>\t\t\t\t\t\t<\/span>\n\t\t\t\t\t\t\t\t\t\t<span class=\"elementor-icon-list-text\">M\u00f3dulos de comunicaci\u00f3n<\/span>\n\t\t\t\t\t\t\t\t\t\t\t<\/a>\n\t\t\t\t\t\t\t\t\t<\/li>\n\t\t\t\t\t\t\t\t<li class=\"elementor-icon-list-item\">\n\t\t\t\t\t\t\t\t\t\t\t<a href=\"https:\/\/cashpower.com.ar\/?page_id=2053\">\n\n\t\t\t\t\t\t\t\t\t\t\t\t<span class=\"elementor-icon-list-icon\">\n\t\t\t\t\t\t\t<i aria-hidden=\"true\" class=\"fas fa-angle-right\"><\/i>\t\t\t\t\t\t<\/span>\n\t\t\t\t\t\t\t\t\t\t<span class=\"elementor-icon-list-text\">Accesorios<\/span>\n\t\t\t\t\t\t\t\t\t\t\t<\/a>\n\t\t\t\t\t\t\t\t\t<\/li>\n\t\t\t\t\t\t<\/ul>\n\t\t\t\t\t\t<\/div>\n\t\t\t\t<\/div>\n\t\t\t\t<\/div>\n\t\t<div class=\"elementor-element elementor-element-a32518a e-con-full e-flex wpr-particle-no wpr-jarallax-no wpr-parallax-no wpr-sticky-section-no e-con e-child\" data-id=\"a32518a\" data-element_type=\"container\">\n\t\t<div class=\"elementor-element elementor-element-401311f e-con-full e-flex wpr-particle-no wpr-jarallax-no wpr-parallax-no wpr-sticky-section-no e-con e-child\" data-id=\"401311f\" data-element_type=\"container\">\n\t\t\t\t<div class=\"elementor-element elementor-element-9b4702f elementor-grid-3 elementor-grid-tablet-3 elementor-grid-mobile-2 elementor-products-grid elementor-wc-products elementor-widget elementor-widget-woocommerce-products\" data-id=\"9b4702f\" data-element_type=\"widget\" data-widget_type=\"woocommerce-products.default\">\n\t\t\t\t<div class=\"elementor-widget-container\">\n\t\t\t\t\t<div class=\"woocommerce columns-3 \">\r\n<ul class=\"products elementor-grid oceanwp-row clr grid tablet-col tablet-1-col mobile-col mobile-1-col\">\r\n<li class=\"entry has-media has-product-nav col span_1_of_3 owp-content-center owp-thumbs-layout-horizontal owp-btn-normal owp-tabs-layout-horizontal has-no-thumbnails product type-product post-2260 status-publish first instock product_cat-accesorios-es has-post-thumbnail shipping-taxable product-type-simple\">\n\t<div class=\"product-inner clr\">\r\n\t<div class=\"woo-entry-image clr\">\r\n\t\t<a href=\"https:\/\/cashpower.com.ar\/?product=sonda-usb\" class=\"woocommerce-LoopProduct-link\"><img fetchpriority=\"high\" decoding=\"async\" width=\"300\" height=\"300\" src=\"https:\/\/cashpower.com.ar\/wp-content\/uploads\/2025\/02\/Sonda-USB-1-300x300.png\" class=\"woo-entry-image-main\" alt=\"Sonda USB\" itemprop=\"image\" srcset=\"https:\/\/cashpower.com.ar\/wp-content\/uploads\/2025\/02\/Sonda-USB-1-300x300.png 300w, https:\/\/cashpower.com.ar\/wp-content\/uploads\/2025\/02\/Sonda-USB-1-150x150.png 150w, https:\/\/cashpower.com.ar\/wp-content\/uploads\/2025\/02\/Sonda-USB-1-100x100.png 100w\" sizes=\"(max-width: 300px) 100vw, 300px\" \/><\/a>\t<\/div><!-- .woo-entry-image -->\r\n\r\n<ul class=\"woo-entry-inner clr\"><li class=\"image-wrap\">\r\n\t<div class=\"woo-entry-image clr\">\r\n\t\t<a href=\"https:\/\/cashpower.com.ar\/?product=sonda-usb\" class=\"woocommerce-LoopProduct-link\"><img fetchpriority=\"high\" decoding=\"async\" width=\"300\" height=\"300\" src=\"https:\/\/cashpower.com.ar\/wp-content\/uploads\/2025\/02\/Sonda-USB-1-300x300.png\" class=\"woo-entry-image-main\" alt=\"Sonda USB\" itemprop=\"image\" srcset=\"https:\/\/cashpower.com.ar\/wp-content\/uploads\/2025\/02\/Sonda-USB-1-300x300.png 300w, https:\/\/cashpower.com.ar\/wp-content\/uploads\/2025\/02\/Sonda-USB-1-150x150.png 150w, https:\/\/cashpower.com.ar\/wp-content\/uploads\/2025\/02\/Sonda-USB-1-100x100.png 100w\" sizes=\"(max-width: 300px) 100vw, 300px\" \/><\/a>\t<\/div><!-- .woo-entry-image -->\r\n\r\n<\/li><li class=\"title\"><h2><a href=\"https:\/\/cashpower.com.ar\/?product=sonda-usb\">Sonda USB<\/a><\/h2><\/li><li class=\"price-wrap\">\n<\/li><li class=\"rating\"><\/li><\/ul><\/div><!-- .product-inner .clr --><\/li>\n<li class=\"entry has-media has-product-nav col span_1_of_3 owp-content-center owp-thumbs-layout-horizontal owp-btn-normal owp-tabs-layout-horizontal has-no-thumbnails product type-product post-2253 status-publish instock product_cat-accesorios-es has-post-thumbnail shipping-taxable product-type-simple\">\n\t<div class=\"product-inner clr\">\r\n\t<div class=\"woo-entry-image clr\">\r\n\t\t<a href=\"https:\/\/cashpower.com.ar\/?product=teclado-de-inalambrico\" class=\"woocommerce-LoopProduct-link\"><img decoding=\"async\" width=\"300\" height=\"300\" src=\"https:\/\/cashpower.com.ar\/wp-content\/uploads\/2025\/02\/Teclado-Inalambrico-300x300.jpg\" class=\"woo-entry-image-main\" alt=\"Teclado Inal\u00e1mbrico\" itemprop=\"image\" srcset=\"https:\/\/cashpower.com.ar\/wp-content\/uploads\/2025\/02\/Teclado-Inalambrico-300x300.jpg 300w, https:\/\/cashpower.com.ar\/wp-content\/uploads\/2025\/02\/Teclado-Inalambrico-1024x1024.jpg 1024w, https:\/\/cashpower.com.ar\/wp-content\/uploads\/2025\/02\/Teclado-Inalambrico-150x150.jpg 150w, https:\/\/cashpower.com.ar\/wp-content\/uploads\/2025\/02\/Teclado-Inalambrico-768x768.jpg 768w, https:\/\/cashpower.com.ar\/wp-content\/uploads\/2025\/02\/Teclado-Inalambrico-600x600.jpg 600w, https:\/\/cashpower.com.ar\/wp-content\/uploads\/2025\/02\/Teclado-Inalambrico-100x100.jpg 100w, https:\/\/cashpower.com.ar\/wp-content\/uploads\/2025\/02\/Teclado-Inalambrico.jpg 1080w\" sizes=\"(max-width: 300px) 100vw, 300px\" \/><\/a>\t<\/div><!-- .woo-entry-image -->\r\n\r\n<ul class=\"woo-entry-inner clr\"><li class=\"image-wrap\">\r\n\t<div class=\"woo-entry-image clr\">\r\n\t\t<a href=\"https:\/\/cashpower.com.ar\/?product=teclado-de-inalambrico\" class=\"woocommerce-LoopProduct-link\"><img decoding=\"async\" width=\"300\" height=\"300\" src=\"https:\/\/cashpower.com.ar\/wp-content\/uploads\/2025\/02\/Teclado-Inalambrico-300x300.jpg\" class=\"woo-entry-image-main\" alt=\"Teclado Inal\u00e1mbrico\" itemprop=\"image\" srcset=\"https:\/\/cashpower.com.ar\/wp-content\/uploads\/2025\/02\/Teclado-Inalambrico-300x300.jpg 300w, https:\/\/cashpower.com.ar\/wp-content\/uploads\/2025\/02\/Teclado-Inalambrico-1024x1024.jpg 1024w, https:\/\/cashpower.com.ar\/wp-content\/uploads\/2025\/02\/Teclado-Inalambrico-150x150.jpg 150w, https:\/\/cashpower.com.ar\/wp-content\/uploads\/2025\/02\/Teclado-Inalambrico-768x768.jpg 768w, https:\/\/cashpower.com.ar\/wp-content\/uploads\/2025\/02\/Teclado-Inalambrico-600x600.jpg 600w, https:\/\/cashpower.com.ar\/wp-content\/uploads\/2025\/02\/Teclado-Inalambrico-100x100.jpg 100w, https:\/\/cashpower.com.ar\/wp-content\/uploads\/2025\/02\/Teclado-Inalambrico.jpg 1080w\" sizes=\"(max-width: 300px) 100vw, 300px\" \/><\/a>\t<\/div><!-- .woo-entry-image -->\r\n\r\n<\/li><li class=\"title\"><h2><a href=\"https:\/\/cashpower.com.ar\/?product=teclado-de-inalambrico\">Teclado Inal\u00e1mbrico<\/a><\/h2><\/li><li class=\"price-wrap\">\n<\/li><li class=\"rating\"><\/li><\/ul><\/div><!-- .product-inner .clr --><\/li>\n<\/ul>\n<\/div>\t\t\t\t<\/div>\n\t\t\t\t<\/div>\n\t\t\t\t<\/div>\n\t\t\t\t<\/div>\n\t\t\t\t<\/div>\n\t\t\t\t<\/div>\n\t\t","protected":false},"excerpt":{"rendered":"<p>Accesorios Conoce el cat\u00e1logo completo Categor\u00edas Medidores de energ\u00eda Concentradores M\u00f3dulos de comunicaci\u00f3n Accesorios<\/p>\n","protected":false},"author":1,"featured_media":0,"parent":0,"menu_order":0,"comment_status":"closed","ping_status":"closed","template":"elementor_header_footer","meta":{"footnotes":""},"class_list":["post-2053","page","type-page","status-publish","hentry","entry","owp-thumbs-layout-horizontal","owp-btn-normal","owp-tabs-layout-horizontal","has-no-thumbnails","has-product-nav"],"_links":{"self":[{"href":"https:\/\/cashpower.com.ar\/index.php?rest_route=\/wp\/v2\/pages\/2053","targetHints":{"allow":["GET"]}}],"collection":[{"href":"https:\/\/cashpower.com.ar\/index.php?rest_route=\/wp\/v2\/pages"}],"about":[{"href":"https:\/\/cashpower.com.ar\/index.php?rest_route=\/wp\/v2\/types\/page"}],"author":[{"embeddable":true,"href":"https:\/\/cashpower.com.ar\/index.php?rest_route=\/wp\/v2\/users\/1"}],"replies":[{"embeddable":true,"href":"https:\/\/cashpower.com.ar\/index.php?rest_route=%2Fwp%2Fv2%2Fcomments&post=2053"}],"version-history":[{"count":19,"href":"https:\/\/cashpower.com.ar\/index.php?rest_route=\/wp\/v2\/pages\/2053\/revisions"}],"predecessor-version":[{"id":2732,"href":"https:\/\/cashpower.com.ar\/index.php?rest_route=\/wp\/v2\/pages\/2053\/revisions\/2732"}],"wp:attachment":[{"href":"https:\/\/cashpower.com.ar\/index.php?rest_route=%2Fwp%2Fv2%2Fmedia&parent=2053"}],"curies":[{"name":"wp","href":"https:\/\/api.w.org\/{rel}","templated":true}]}}