{"id":1675,"date":"2024-12-09T16:23:20","date_gmt":"2024-12-09T16:23:20","guid":{"rendered":"https:\/\/webprd.cashpower.com.ar\/?post_type=product&#038;p=1675"},"modified":"2025-02-28T13:34:41","modified_gmt":"2025-02-28T13:34:41","slug":"medidor-de-energia-monofasico-i210","status":"publish","type":"product","link":"https:\/\/cashpower.com.ar\/?product=medidor-de-energia-monofasico-i210","title":{"rendered":"Medidor de Energ\u00eda Monof\u00e1sico i210"},"content":{"rendered":"\t\t<div data-elementor-type=\"product-post\" data-elementor-id=\"1675\" class=\"elementor elementor-1675\" data-elementor-post-type=\"product\">\n\t\t\t\t<div class=\"elementor-element elementor-element-720376e e-flex e-con-boxed wpr-particle-no wpr-jarallax-no wpr-parallax-no wpr-sticky-section-no e-con e-parent\" data-id=\"720376e\" data-element_type=\"container\">\n\t\t\t\t\t<div class=\"e-con-inner\">\n\t\t\t\t<div class=\"elementor-element elementor-element-639919c elementor-widget__width-initial elementor-widget elementor-widget-text-editor\" data-id=\"639919c\" data-element_type=\"widget\" data-widget_type=\"text-editor.default\">\n\t\t\t\t<div class=\"elementor-widget-container\">\n\t\t\t\t\t\t\t\t\tNormas de aplicaci\u00f3n\t\t\t\t\t\t\t\t<\/div>\n\t\t\t\t<\/div>\n\t\t\t\t<div class=\"elementor-element elementor-element-4bc6108 elementor-widget__width-initial elementor-icon-list--layout-traditional elementor-list-item-link-full_width elementor-widget elementor-widget-icon-list\" data-id=\"4bc6108\" data-element_type=\"widget\" data-widget_type=\"icon-list.default\">\n\t\t\t\t<div class=\"elementor-widget-container\">\n\t\t\t\t\t\t\t<ul class=\"elementor-icon-list-items\">\n\t\t\t\t\t\t\t<li class=\"elementor-icon-list-item\">\n\t\t\t\t\t\t\t\t\t\t\t<span class=\"elementor-icon-list-icon\">\n\t\t\t\t\t\t\t<i aria-hidden=\"true\" class=\"fas fa-angle-right\"><\/i>\t\t\t\t\t\t<\/span>\n\t\t\t\t\t\t\t\t\t\t<span class=\"elementor-icon-list-text\">IEC 62052-11<\/span>\n\t\t\t\t\t\t\t\t\t<\/li>\n\t\t\t\t\t\t\t\t<li class=\"elementor-icon-list-item\">\n\t\t\t\t\t\t\t\t\t\t\t<span class=\"elementor-icon-list-icon\">\n\t\t\t\t\t\t\t<i aria-hidden=\"true\" class=\"fas fa-angle-right\"><\/i>\t\t\t\t\t\t<\/span>\n\t\t\t\t\t\t\t\t\t\t<span class=\"elementor-icon-list-text\">IEC 62053-21<\/span>\n\t\t\t\t\t\t\t\t\t<\/li>\n\t\t\t\t\t\t\t\t<li class=\"elementor-icon-list-item\">\n\t\t\t\t\t\t\t\t\t\t\t<span class=\"elementor-icon-list-icon\">\n\t\t\t\t\t\t\t<i aria-hidden=\"true\" class=\"fas fa-angle-right\"><\/i>\t\t\t\t\t\t<\/span>\n\t\t\t\t\t\t\t\t\t\t<span class=\"elementor-icon-list-text\">IEC 62053<\/span>\n\t\t\t\t\t\t\t\t\t<\/li>\n\t\t\t\t\t\t\t\t<li class=\"elementor-icon-list-item\">\n\t\t\t\t\t\t\t\t\t\t\t<span class=\"elementor-icon-list-icon\">\n\t\t\t\t\t\t\t<i aria-hidden=\"true\" class=\"fas fa-angle-right\"><\/i>\t\t\t\t\t\t<\/span>\n\t\t\t\t\t\t\t\t\t\t<span class=\"elementor-icon-list-text\">IRAM 2420<\/span>\n\t\t\t\t\t\t\t\t\t<\/li>\n\t\t\t\t\t\t\t\t<li class=\"elementor-icon-list-item\">\n\t\t\t\t\t\t\t\t\t\t\t<span class=\"elementor-icon-list-icon\">\n\t\t\t\t\t\t\t<i aria-hidden=\"true\" class=\"fas fa-angle-right\"><\/i>\t\t\t\t\t\t<\/span>\n\t\t\t\t\t\t\t\t\t\t<span class=\"elementor-icon-list-text\">IEC 61107<\/span>\n\t\t\t\t\t\t\t\t\t<\/li>\n\t\t\t\t\t\t<\/ul>\n\t\t\t\t\t\t<\/div>\n\t\t\t\t<\/div>\n\t\t\t\t\t<\/div>\n\t\t\t\t<\/div>\n\t\t\t\t<\/div>\n\t\t","protected":false},"excerpt":{"rendered":"<p>Medidor inteligente monof\u00e1sico multifunci\u00f3n con comunicaci\u00f3n integrada. El medidor se utiliza para medir con precisi\u00f3n la energ\u00eda el\u00e9ctrica para clientes comerciales y residenciales. Este medidor se puede utilizar como prepago o como pospago. Su modificaci\u00f3n se realiza por software.<\/p>\n<p><strong>Normas de aplicaci\u00f3n:<\/strong> IEC 62052-11 | IEC 62053-21 | IEC 62053 | IRAM 2420 | IEC 61107<\/p>\n<table class=\"table\">\n<tbody>\n<tr>\n<td>Tensi\u00f3n<\/td>\n<td>220 Volt<\/td>\n<\/tr>\n<tr>\n<td>Corriente<\/td>\n<td>5 (80) Amper<\/td>\n<\/tr>\n<tr>\n<td>Frecuencia<\/td>\n<td>50 Hz<\/td>\n<\/tr>\n<tr>\n<td>Clase de precisi\u00f3n<\/td>\n<td>Energ\u00eda Activa \u00b7 Clase 1 \/ Energ\u00eda Reactiva \u00b7 Clase 2<\/td>\n<\/tr>\n<\/tbody>\n<\/table>\n","protected":false},"featured_media":1750,"comment_status":"closed","ping_status":"closed","template":"","meta":[],"product_brand":[],"product_cat":[61],"product_tag":[],"class_list":{"0":"post-1675","1":"product","2":"type-product","3":"status-publish","4":"has-post-thumbnail","6":"product_cat-medidores-de-energia-es","8":"entry","9":"has-media","11":"first","12":"instock","13":"shipping-taxable","14":"product-type-simple","15":"has-product-nav","16":"col","17":"span_1_of_3","18":"owp-content-center","19":"owp-thumbs-layout-horizontal","20":"owp-btn-normal","21":"owp-tabs-layout-horizontal","22":"has-no-thumbnails"},"_links":{"self":[{"href":"https:\/\/cashpower.com.ar\/index.php?rest_route=\/wp\/v2\/product\/1675","targetHints":{"allow":["GET"]}}],"collection":[{"href":"https:\/\/cashpower.com.ar\/index.php?rest_route=\/wp\/v2\/product"}],"about":[{"href":"https:\/\/cashpower.com.ar\/index.php?rest_route=\/wp\/v2\/types\/product"}],"replies":[{"embeddable":true,"href":"https:\/\/cashpower.com.ar\/index.php?rest_route=%2Fwp%2Fv2%2Fcomments&post=1675"}],"version-history":[{"count":14,"href":"https:\/\/cashpower.com.ar\/index.php?rest_route=\/wp\/v2\/product\/1675\/revisions"}],"predecessor-version":[{"id":2638,"href":"https:\/\/cashpower.com.ar\/index.php?rest_route=\/wp\/v2\/product\/1675\/revisions\/2638"}],"wp:featuredmedia":[{"embeddable":true,"href":"https:\/\/cashpower.com.ar\/index.php?rest_route=\/wp\/v2\/media\/1750"}],"wp:attachment":[{"href":"https:\/\/cashpower.com.ar\/index.php?rest_route=%2Fwp%2Fv2%2Fmedia&parent=1675"}],"wp:term":[{"taxonomy":"product_brand","embeddable":true,"href":"https:\/\/cashpower.com.ar\/index.php?rest_route=%2Fwp%2Fv2%2Fproduct_brand&post=1675"},{"taxonomy":"product_cat","embeddable":true,"href":"https:\/\/cashpower.com.ar\/index.php?rest_route=%2Fwp%2Fv2%2Fproduct_cat&post=1675"},{"taxonomy":"product_tag","embeddable":true,"href":"https:\/\/cashpower.com.ar\/index.php?rest_route=%2Fwp%2Fv2%2Fproduct_tag&post=1675"}],"curies":[{"name":"wp","href":"https:\/\/api.w.org\/{rel}","templated":true}]}}