{"id":1757,"date":"2024-12-10T04:39:17","date_gmt":"2024-12-10T04:39:17","guid":{"rendered":"https:\/\/webprd.cashpower.com.ar\/?post_type=product&#038;p=1757"},"modified":"2025-03-18T13:09:48","modified_gmt":"2025-03-18T13:09:48","slug":"medidor-de-energia-monofasico-ddz-1513-din","status":"publish","type":"product","link":"https:\/\/cashpower.com.ar\/?product=medidor-de-energia-monofasico-ddz-1513-din","title":{"rendered":"Medidor de Energ\u00eda Monof\u00e1sico DDZ 1513 DIN"},"content":{"rendered":"","protected":false},"excerpt":{"rendered":"<p>Medidor inteligente monof\u00e1sico con comunicaci\u00f3n integrada. Apto para realizar medici\u00f3n concentrada a distancia. Este medidor se puede utilizar como\u00a0prepago o como pospago. Su modificaci\u00f3n se realiza por software.<\/p>\n<table class=\"table\">\n<tbody>\n<tr>\n<td>Tensi\u00f3n<\/td>\n<td>220 Volt<\/td>\n<\/tr>\n<tr>\n<td>Corriente<\/td>\n<td>5 (60) Amper<\/td>\n<\/tr>\n<tr>\n<td>Frecuencia<\/td>\n<td>50 HZ.<\/td>\n<\/tr>\n<tr>\n<td>Clase de precisi\u00f3n<\/td>\n<td>1<\/td>\n<\/tr>\n<\/tbody>\n<\/table>\n","protected":false},"featured_media":1759,"comment_status":"closed","ping_status":"closed","template":"","meta":[],"product_brand":[],"product_cat":[61],"product_tag":[],"class_list":{"0":"post-1757","1":"product","2":"type-product","3":"status-publish","4":"has-post-thumbnail","6":"product_cat-medidores-de-energia-es","8":"entry","9":"has-media","11":"first","12":"instock","13":"shipping-taxable","14":"product-type-simple","15":"has-product-nav","16":"col","17":"span_1_of_3","18":"owp-content-center","19":"owp-thumbs-layout-horizontal","20":"owp-btn-normal","21":"owp-tabs-layout-horizontal","22":"has-no-thumbnails"},"_links":{"self":[{"href":"https:\/\/cashpower.com.ar\/index.php?rest_route=\/wp\/v2\/product\/1757","targetHints":{"allow":["GET"]}}],"collection":[{"href":"https:\/\/cashpower.com.ar\/index.php?rest_route=\/wp\/v2\/product"}],"about":[{"href":"https:\/\/cashpower.com.ar\/index.php?rest_route=\/wp\/v2\/types\/product"}],"replies":[{"embeddable":true,"href":"https:\/\/cashpower.com.ar\/index.php?rest_route=%2Fwp%2Fv2%2Fcomments&post=1757"}],"version-history":[{"count":4,"href":"https:\/\/cashpower.com.ar\/index.php?rest_route=\/wp\/v2\/product\/1757\/revisions"}],"predecessor-version":[{"id":2642,"href":"https:\/\/cashpower.com.ar\/index.php?rest_route=\/wp\/v2\/product\/1757\/revisions\/2642"}],"wp:featuredmedia":[{"embeddable":true,"href":"https:\/\/cashpower.com.ar\/index.php?rest_route=\/wp\/v2\/media\/1759"}],"wp:attachment":[{"href":"https:\/\/cashpower.com.ar\/index.php?rest_route=%2Fwp%2Fv2%2Fmedia&parent=1757"}],"wp:term":[{"taxonomy":"product_brand","embeddable":true,"href":"https:\/\/cashpower.com.ar\/index.php?rest_route=%2Fwp%2Fv2%2Fproduct_brand&post=1757"},{"taxonomy":"product_cat","embeddable":true,"href":"https:\/\/cashpower.com.ar\/index.php?rest_route=%2Fwp%2Fv2%2Fproduct_cat&post=1757"},{"taxonomy":"product_tag","embeddable":true,"href":"https:\/\/cashpower.com.ar\/index.php?rest_route=%2Fwp%2Fv2%2Fproduct_tag&post=1757"}],"curies":[{"name":"wp","href":"https:\/\/api.w.org\/{rel}","templated":true}]}}