{"id":1763,"date":"2024-12-10T04:46:01","date_gmt":"2024-12-10T04:46:01","guid":{"rendered":"https:\/\/webprd.cashpower.com.ar\/?post_type=product&#038;p=1763"},"modified":"2025-02-28T13:33:24","modified_gmt":"2025-02-28T13:33:24","slug":"medidor-de-energia-trifasico-indirecto-it30","status":"publish","type":"product","link":"https:\/\/cashpower.com.ar\/?product=medidor-de-energia-trifasico-indirecto-it30","title":{"rendered":"Medidor de Energ\u00eda Trif\u00e1sico Indirecto iT30"},"content":{"rendered":"\t\t<div data-elementor-type=\"product-post\" data-elementor-id=\"1763\" class=\"elementor elementor-1763\" data-elementor-post-type=\"product\">\n\t\t\t\t<div class=\"elementor-element elementor-element-9c9aba3 e-flex e-con-boxed wpr-particle-no wpr-jarallax-no wpr-parallax-no wpr-sticky-section-no e-con e-parent\" data-id=\"9c9aba3\" data-element_type=\"container\">\n\t\t\t\t\t<div class=\"e-con-inner\">\n\t\t\t\t<div class=\"elementor-element elementor-element-6d2f54b elementor-widget__width-initial elementor-widget elementor-widget-text-editor\" data-id=\"6d2f54b\" data-element_type=\"widget\" data-widget_type=\"text-editor.default\">\n\t\t\t\t<div class=\"elementor-widget-container\">\n\t\t\t\t\t\t\t\t\tNormas de aplicaci\u00f3n\t\t\t\t\t\t\t\t<\/div>\n\t\t\t\t<\/div>\n\t\t\t\t<div class=\"elementor-element elementor-element-f64c2a0 elementor-widget__width-initial elementor-icon-list--layout-traditional elementor-list-item-link-full_width elementor-widget elementor-widget-icon-list\" data-id=\"f64c2a0\" data-element_type=\"widget\" data-widget_type=\"icon-list.default\">\n\t\t\t\t<div class=\"elementor-widget-container\">\n\t\t\t\t\t\t\t<ul class=\"elementor-icon-list-items\">\n\t\t\t\t\t\t\t<li class=\"elementor-icon-list-item\">\n\t\t\t\t\t\t\t\t\t\t\t<span class=\"elementor-icon-list-icon\">\n\t\t\t\t\t\t\t<i aria-hidden=\"true\" class=\"fas fa-angle-right\"><\/i>\t\t\t\t\t\t<\/span>\n\t\t\t\t\t\t\t\t\t\t<span class=\"elementor-icon-list-text\">IEC 62052-11 2003;     <\/span>\n\t\t\t\t\t\t\t\t\t<\/li>\n\t\t\t\t\t\t\t\t<li class=\"elementor-icon-list-item\">\n\t\t\t\t\t\t\t\t\t\t\t<span class=\"elementor-icon-list-icon\">\n\t\t\t\t\t\t\t<i aria-hidden=\"true\" class=\"fas fa-angle-right\"><\/i>\t\t\t\t\t\t<\/span>\n\t\t\t\t\t\t\t\t\t\t<span class=\"elementor-icon-list-text\">IEC  62053-22  2003<\/span>\n\t\t\t\t\t\t\t\t\t<\/li>\n\t\t\t\t\t\t\t\t<li class=\"elementor-icon-list-item\">\n\t\t\t\t\t\t\t\t\t\t\t<span class=\"elementor-icon-list-icon\">\n\t\t\t\t\t\t\t<i aria-hidden=\"true\" class=\"fas fa-angle-right\"><\/i>\t\t\t\t\t\t<\/span>\n\t\t\t\t\t\t\t\t\t\t<span class=\"elementor-icon-list-text\">IEC 62053-23 2003;<\/span>\n\t\t\t\t\t\t\t\t\t<\/li>\n\t\t\t\t\t\t\t\t<li class=\"elementor-icon-list-item\">\n\t\t\t\t\t\t\t\t\t\t\t<span class=\"elementor-icon-list-icon\">\n\t\t\t\t\t\t\t<i aria-hidden=\"true\" class=\"fas fa-angle-right\"><\/i>\t\t\t\t\t\t<\/span>\n\t\t\t\t\t\t\t\t\t\t<span class=\"elementor-icon-list-text\">IEC62056-21(IEC61107)<\/span>\n\t\t\t\t\t\t\t\t\t<\/li>\n\t\t\t\t\t\t<\/ul>\n\t\t\t\t\t\t<\/div>\n\t\t\t\t<\/div>\n\t\t\t\t\t<\/div>\n\t\t\t\t<\/div>\n\t\t\t\t<\/div>\n\t\t","protected":false},"excerpt":{"rendered":"<p>El medidor inteligente DTZ1513 trif\u00e1sico CT\/VT es apto para uso civil y comercial. Cumple con el protocolo STS para tokens de 20 d\u00edgitos y posee certificaciones STS y DLMS. Su dise\u00f1o y fabricaci\u00f3n siguen la norma ISO9001, con materiales y componentes seleccionados para mayor durabilidad y estabilidad.<\/p>\n<p><strong>Normas de aplicaci\u00f3n<\/strong> IEC 62052-11 2003 | IEC 62053-22 2003 | IEC 62053-23 2003 | IEC62056-21(IEC61107)<\/p>\n","protected":false},"featured_media":1764,"comment_status":"closed","ping_status":"closed","template":"","meta":[],"product_brand":[],"product_cat":[61],"product_tag":[],"class_list":{"0":"post-1763","1":"product","2":"type-product","3":"status-publish","4":"has-post-thumbnail","6":"product_cat-medidores-de-energia-es","8":"entry","9":"has-media","11":"first","12":"instock","13":"shipping-taxable","14":"product-type-simple","15":"has-product-nav","16":"col","17":"span_1_of_3","18":"owp-content-center","19":"owp-thumbs-layout-horizontal","20":"owp-btn-normal","21":"owp-tabs-layout-horizontal","22":"has-no-thumbnails"},"_links":{"self":[{"href":"https:\/\/cashpower.com.ar\/index.php?rest_route=\/wp\/v2\/product\/1763","targetHints":{"allow":["GET"]}}],"collection":[{"href":"https:\/\/cashpower.com.ar\/index.php?rest_route=\/wp\/v2\/product"}],"about":[{"href":"https:\/\/cashpower.com.ar\/index.php?rest_route=\/wp\/v2\/types\/product"}],"replies":[{"embeddable":true,"href":"https:\/\/cashpower.com.ar\/index.php?rest_route=%2Fwp%2Fv2%2Fcomments&post=1763"}],"version-history":[{"count":6,"href":"https:\/\/cashpower.com.ar\/index.php?rest_route=\/wp\/v2\/product\/1763\/revisions"}],"predecessor-version":[{"id":2650,"href":"https:\/\/cashpower.com.ar\/index.php?rest_route=\/wp\/v2\/product\/1763\/revisions\/2650"}],"wp:featuredmedia":[{"embeddable":true,"href":"https:\/\/cashpower.com.ar\/index.php?rest_route=\/wp\/v2\/media\/1764"}],"wp:attachment":[{"href":"https:\/\/cashpower.com.ar\/index.php?rest_route=%2Fwp%2Fv2%2Fmedia&parent=1763"}],"wp:term":[{"taxonomy":"product_brand","embeddable":true,"href":"https:\/\/cashpower.com.ar\/index.php?rest_route=%2Fwp%2Fv2%2Fproduct_brand&post=1763"},{"taxonomy":"product_cat","embeddable":true,"href":"https:\/\/cashpower.com.ar\/index.php?rest_route=%2Fwp%2Fv2%2Fproduct_cat&post=1763"},{"taxonomy":"product_tag","embeddable":true,"href":"https:\/\/cashpower.com.ar\/index.php?rest_route=%2Fwp%2Fv2%2Fproduct_tag&post=1763"}],"curies":[{"name":"wp","href":"https:\/\/api.w.org\/{rel}","templated":true}]}}