{"id":1766,"date":"2024-12-10T04:47:58","date_gmt":"2024-12-10T04:47:58","guid":{"rendered":"https:\/\/webprd.cashpower.com.ar\/?post_type=product&#038;p=1766"},"modified":"2025-02-28T00:18:58","modified_gmt":"2025-02-28T00:18:58","slug":"ihm-4000","status":"publish","type":"product","link":"https:\/\/cashpower.com.ar\/?product=ihm-4000","title":{"rendered":"IHM &#8211; 4000"},"content":{"rendered":"","protected":false},"excerpt":{"rendered":"<p>El concentrador de Datos Inteligente IHM-4000 con capacidad de medici\u00f3n, fue desarrollado para aplicaciones Smart Grid y Smart Metering.<\/p>\n<p>A trav\u00e9s de la red de comunicaci\u00f3n (GPRS\/3G PLC\/RF), realiza la lectura remota de datos relacionados con los medidores que se encuentran aguas abajo del transformador. Tambi\u00e9n se realizan las acciones de corte y reconexi\u00f3n. La realizaci\u00f3n de balance de energ\u00eda entre lo entregado y lo facturado es una de las grandes ventajas de tener este sistema en funcionamiento.<\/p>\n<table class=\"table\">\n<tbody>\n<tr>\n<td>Tensi\u00f3n<\/td>\n<td>3&#215;380\/220 Volt<\/td>\n<\/tr>\n<tr>\n<td>Corriente<\/td>\n<td>1 (6) Amper<\/td>\n<\/tr>\n<tr>\n<td>Frecuencia<\/td>\n<td>50 Hz.<\/td>\n<\/tr>\n<tr>\n<td>Clase de precisi\u00f3n<\/td>\n<td>Clase 1 para Energ\u00eda Activa<\/td>\n<\/tr>\n<\/tbody>\n<\/table>\n<div id=\"gtx-trans\" style=\"position: absolute; left: -12px; top: 141.273px;\">\n<div class=\"gtx-trans-icon\"><\/div>\n<\/div>\n","protected":false},"featured_media":1768,"comment_status":"closed","ping_status":"closed","template":"","meta":[],"product_brand":[],"product_cat":[37],"product_tag":[],"class_list":{"0":"post-1766","1":"product","2":"type-product","3":"status-publish","4":"has-post-thumbnail","6":"product_cat-concentradores-es","8":"entry","9":"has-media","11":"first","12":"instock","13":"shipping-taxable","14":"product-type-simple","15":"has-product-nav","16":"col","17":"span_1_of_3","18":"owp-content-center","19":"owp-thumbs-layout-horizontal","20":"owp-btn-normal","21":"owp-tabs-layout-horizontal","22":"has-no-thumbnails"},"_links":{"self":[{"href":"https:\/\/cashpower.com.ar\/index.php?rest_route=\/wp\/v2\/product\/1766","targetHints":{"allow":["GET"]}}],"collection":[{"href":"https:\/\/cashpower.com.ar\/index.php?rest_route=\/wp\/v2\/product"}],"about":[{"href":"https:\/\/cashpower.com.ar\/index.php?rest_route=\/wp\/v2\/types\/product"}],"replies":[{"embeddable":true,"href":"https:\/\/cashpower.com.ar\/index.php?rest_route=%2Fwp%2Fv2%2Fcomments&post=1766"}],"version-history":[{"count":6,"href":"https:\/\/cashpower.com.ar\/index.php?rest_route=\/wp\/v2\/product\/1766\/revisions"}],"predecessor-version":[{"id":2006,"href":"https:\/\/cashpower.com.ar\/index.php?rest_route=\/wp\/v2\/product\/1766\/revisions\/2006"}],"wp:featuredmedia":[{"embeddable":true,"href":"https:\/\/cashpower.com.ar\/index.php?rest_route=\/wp\/v2\/media\/1768"}],"wp:attachment":[{"href":"https:\/\/cashpower.com.ar\/index.php?rest_route=%2Fwp%2Fv2%2Fmedia&parent=1766"}],"wp:term":[{"taxonomy":"product_brand","embeddable":true,"href":"https:\/\/cashpower.com.ar\/index.php?rest_route=%2Fwp%2Fv2%2Fproduct_brand&post=1766"},{"taxonomy":"product_cat","embeddable":true,"href":"https:\/\/cashpower.com.ar\/index.php?rest_route=%2Fwp%2Fv2%2Fproduct_cat&post=1766"},{"taxonomy":"product_tag","embeddable":true,"href":"https:\/\/cashpower.com.ar\/index.php?rest_route=%2Fwp%2Fv2%2Fproduct_tag&post=1766"}],"curies":[{"name":"wp","href":"https:\/\/api.w.org\/{rel}","templated":true}]}}