{"id":2253,"date":"2025-02-03T18:44:04","date_gmt":"2025-02-03T18:44:04","guid":{"rendered":"https:\/\/webprd.cashpower.com.ar\/?post_type=product&#038;p=2253"},"modified":"2025-04-24T14:28:01","modified_gmt":"2025-04-24T14:28:01","slug":"teclado-de-inalambrico","status":"publish","type":"product","link":"https:\/\/cashpower.com.ar\/?product=teclado-de-inalambrico","title":{"rendered":"Teclado Inal\u00e1mbrico"},"content":{"rendered":"<h4><\/h4>\n<p>&nbsp;<\/p>\n","protected":false},"excerpt":{"rendered":"<p>La CIU es una Unidad de Interfase del Usuario conteniendo un teclado y display, dise\u00f1ada sobre la base de \u00faltima tecnolog\u00eda, para instalaciones de medidores bi- cuerpo cuando los mismos se encuentran instalados fuera del alcance del usuario o no disponen de teclado display incorporado.<\/p>\n<p>La CIU se comunica con el medidor utilizando la tecnolog\u00eda PLC, es decir utilizando el cableado de red interno de la vivienda del cliente. Esta conexi\u00f3n altamente confiable permite al usuario ingresar los tokens de cr\u00e9dito y obtener informaci\u00f3n acerca del estado del medidor o su consumo de energ\u00eda en tiempo real. Tambi\u00e9n posee un conjunto de alarmas e indicadores de utilidad para la bater\u00eda interna de respaldo de tipo recargable.<\/p>\n","protected":false},"featured_media":2254,"comment_status":"closed","ping_status":"closed","template":"","meta":[],"product_brand":[],"product_cat":[39],"product_tag":[],"class_list":{"0":"post-2253","1":"product","2":"type-product","3":"status-publish","4":"has-post-thumbnail","6":"product_cat-accesorios-es","8":"entry","9":"has-media","11":"first","12":"instock","13":"shipping-taxable","14":"product-type-simple","15":"has-product-nav","16":"col","17":"span_1_of_3","18":"owp-content-center","19":"owp-thumbs-layout-horizontal","20":"owp-btn-normal","21":"owp-tabs-layout-horizontal","22":"has-no-thumbnails"},"_links":{"self":[{"href":"https:\/\/cashpower.com.ar\/index.php?rest_route=\/wp\/v2\/product\/2253","targetHints":{"allow":["GET"]}}],"collection":[{"href":"https:\/\/cashpower.com.ar\/index.php?rest_route=\/wp\/v2\/product"}],"about":[{"href":"https:\/\/cashpower.com.ar\/index.php?rest_route=\/wp\/v2\/types\/product"}],"replies":[{"embeddable":true,"href":"https:\/\/cashpower.com.ar\/index.php?rest_route=%2Fwp%2Fv2%2Fcomments&post=2253"}],"version-history":[{"count":6,"href":"https:\/\/cashpower.com.ar\/index.php?rest_route=\/wp\/v2\/product\/2253\/revisions"}],"predecessor-version":[{"id":2733,"href":"https:\/\/cashpower.com.ar\/index.php?rest_route=\/wp\/v2\/product\/2253\/revisions\/2733"}],"wp:featuredmedia":[{"embeddable":true,"href":"https:\/\/cashpower.com.ar\/index.php?rest_route=\/wp\/v2\/media\/2254"}],"wp:attachment":[{"href":"https:\/\/cashpower.com.ar\/index.php?rest_route=%2Fwp%2Fv2%2Fmedia&parent=2253"}],"wp:term":[{"taxonomy":"product_brand","embeddable":true,"href":"https:\/\/cashpower.com.ar\/index.php?rest_route=%2Fwp%2Fv2%2Fproduct_brand&post=2253"},{"taxonomy":"product_cat","embeddable":true,"href":"https:\/\/cashpower.com.ar\/index.php?rest_route=%2Fwp%2Fv2%2Fproduct_cat&post=2253"},{"taxonomy":"product_tag","embeddable":true,"href":"https:\/\/cashpower.com.ar\/index.php?rest_route=%2Fwp%2Fv2%2Fproduct_tag&post=2253"}],"curies":[{"name":"wp","href":"https:\/\/api.w.org\/{rel}","templated":true}]}}